{"id":17607,"date":"2024-09-03T07:51:09","date_gmt":"2024-09-03T07:51:09","guid":{"rendered":"https:\/\/www.sovaprintfactory.com\/?page_id=17607"},"modified":"2024-11-15T20:50:49","modified_gmt":"2024-11-15T18:50:49","slug":"usluge","status":"publish","type":"page","link":"https:\/\/www.sovaprintfactory.com\/en\/usluge\/","title":{"rendered":"Usluge"},"content":{"rendered":"<div data-elementor-type=\"wp-page\" data-elementor-id=\"17607\" class=\"elementor elementor-17607\" data-elementor-post-type=\"page\">\n\t\t\t\t<div class=\"elementor-element elementor-element-c2c86e0 e-flex e-con-boxed e-con e-parent\" data-id=\"c2c86e0\" data-element_type=\"container\" data-e-type=\"container\">\n\t\t\t\t\t<div class=\"e-con-inner\">\n\t\t\t\t<div class=\"elementor-element elementor-element-8adf643 elementor-widget elementor-widget-heading\" data-id=\"8adf643\" data-element_type=\"widget\" data-e-type=\"widget\" data-widget_type=\"heading.default\">\n\t\t\t\t<div class=\"elementor-widget-container\">\n\t\t\t\t\t<h1 class=\"elementor-heading-title elementor-size-default\">Kompletna \u0161tamparska usluga<\/h1>\t\t\t\t<\/div>\n\t\t\t\t<\/div>\n\t\t\t\t\t<\/div>\n\t\t\t\t<\/div>\n\t\t<div class=\"elementor-element elementor-element-21452fa e-flex e-con-boxed e-con e-parent\" data-id=\"21452fa\" data-element_type=\"container\" data-e-type=\"container\">\n\t\t\t\t\t<div class=\"e-con-inner\">\n\t\t\t\t<div class=\"elementor-element elementor-element-cec6ebf elementor-widget elementor-widget-text-editor\" data-id=\"cec6ebf\" data-element_type=\"widget\" data-e-type=\"widget\" data-widget_type=\"text-editor.default\">\n\t\t\t\t<div class=\"elementor-widget-container\">\n\t\t\t\t\t\t\t\t\t<div><span style=\"color: var( --e-global-color-text ); font-family: var( --e-global-typography-text-font-family ), Sans-serif; font-weight: var( --e-global-typography-text-font-weight ); text-align: var(--text-align);\">Izabrali smo dve \u0161tamparske tehnike, <strong>UV<\/strong> i <strong>DTF<\/strong>, zbog njihove raznovrsnosti, efikasnosti i ekonomi\u010dnosti. One su se tako\u0111e dokazale ozbiljnim kvalitetom \u0161tampe visoke rezolucije, \u017eivopisnih boja i trajnih otisaka. U \u0161irokom spektru proizvoda i materijala<\/span><span style=\"color: var( --e-global-color-text ); font-family: var( --e-global-typography-text-font-family ), Sans-serif; font-weight: var( --e-global-typography-text-font-weight ); text-align: var(--text-align);\">, nije lako prona\u0107i one koje Sova Print Factory ne mo\u017ee da od\u0161tampa. A oprema<\/span><span style=\"color: var( --e-global-color-text ); font-family: var( --e-global-typography-text-font-family ), Sans-serif; font-weight: var( --e-global-typography-text-font-weight ); text-align: var(--text-align);\">\u00a0u koju smo investirali i nastavljamo da investiramo je vrhunska.<\/span><\/div>\n<p><!-- \/wp:paragraph --><!-- wp:paragraph --><\/p>\n<p>Uz bilo koju od dve pomenute tehnike \u0161tampe, nudimo kompletnu uslugu. To zna\u010di da sve proizvode mo\u017eete da poru\u010dite kod nas (distributeri smo za <span style=\"text-decoration: underline;\"><a href=\"https:\/\/www.sovaprintfactory.com\/en\/proizvodi\/\"><strong>hiljade kvalitetnih proizvoda<\/strong><\/a><\/span>\u00a0koje mo\u017eemo da brendiramo za vas). Faze u procesu izgledaju ovako:<br \/>-Od kupca dobijamo porud\u017ebinu za proizvode zajedno sa fajlovima sa pripremom za \u0161tampu<br \/>-Kreiramo porud\u017ebinu sa centralnog magacina za poru\u010dene proizvode<br \/>-Kada su svi poru\u010deni proizvodi kod nas, pristupamo \u0161tampi<br \/>-Od\u0161tampane proizvode pa\u017eljivo pakujemo i \u0161aljemo kupcu.<\/p>\n<p><!-- \/wp:paragraph --><!-- wp:paragraph --><\/p>\n<p>Postoji i mogu\u0107nost da kupac donese svoje proizvode, a u tom slu\u010daju pru\u017eamo samo uslugu \u0161tampe. To mogu biti gotovi proizvodi, kao na primer <a href=\"https:\/\/www.sovaprintfactory.com\/en\/product-category\/tekstil\/majice\/\"><span style=\"text-decoration: underline;\"><strong>majice<\/strong><\/span><\/a>, <a href=\"https:\/\/www.sovaprintfactory.com\/en\/product-category\/radna-odela-i-oprema\/\"><strong><span style=\"text-decoration: underline;\">radna odela<\/span><\/strong><\/a>, <a href=\"https:\/\/www.sovaprintfactory.com\/en\/product-category\/kuca-i-zabava\/solje\/\"><span style=\"text-decoration: underline;\"><strong>\u0161olje<\/strong><\/span><\/a> ili <span style=\"text-decoration: underline;\"><a href=\"https:\/\/www.sovaprintfactory.com\/en\/product-category\/kuca-i-zabava\/boce\/\"><strong>fla\u0161e<\/strong><\/a><\/span>, ili poluproizvodi poput iskrojenih delova majica i radnih odela (frontovi, le\u0111a, rukavi itd.).<\/p>\n<p><!-- \/wp:paragraph --><!-- wp:paragraph --><\/p>\n<p><!-- \/wp:paragraph --><!-- wp:paragraph --><\/p>\n<p><!-- \/wp:paragraph --><\/p>\t\t\t\t\t\t\t\t<\/div>\n\t\t\t\t<\/div>\n\t\t\t\t\t<\/div>\n\t\t\t\t<\/div>\n\t\t<div class=\"elementor-element elementor-element-00826b9 e-flex e-con-boxed e-con e-parent\" data-id=\"00826b9\" data-element_type=\"container\" data-e-type=\"container\">\n\t\t\t\t\t<div class=\"e-con-inner\">\n\t\t\t\t<div class=\"elementor-element elementor-element-5972757 elementor-widget elementor-widget-spacer\" data-id=\"5972757\" data-element_type=\"widget\" data-e-type=\"widget\" data-widget_type=\"spacer.default\">\n\t\t\t\t<div class=\"elementor-widget-container\">\n\t\t\t\t\t\t\t<div class=\"elementor-spacer\">\n\t\t\t<div class=\"elementor-spacer-inner\"><\/div>\n\t\t<\/div>\n\t\t\t\t\t\t<\/div>\n\t\t\t\t<\/div>\n\t\t\t\t\t<\/div>\n\t\t\t\t<\/div>\n\t\t<div class=\"elementor-element elementor-element-5b3f58b e-flex e-con-boxed e-con e-parent\" data-id=\"5b3f58b\" data-element_type=\"container\" data-e-type=\"container\">\n\t\t\t\t\t<div class=\"e-con-inner\">\n\t\t<div class=\"elementor-element elementor-element-c61b29d e-con-full e-flex e-con e-child\" data-id=\"c61b29d\" data-element_type=\"container\" data-e-type=\"container\">\n\t\t\t\t<div class=\"elementor-element elementor-element-49f8937 elementor-widget elementor-widget-text-editor\" data-id=\"49f8937\" data-element_type=\"widget\" data-e-type=\"widget\" data-widget_type=\"text-editor.default\">\n\t\t\t\t<div class=\"elementor-widget-container\">\n\t\t\t\t\t\t\t\t\t<p>Zaka\u017eite besplatan video poziv za konsultaciju. Podelite sa nama va\u0161e ideje i mi \u0107emo prona\u0107i najbolje re\u0161enje za vas.<\/p>\t\t\t\t\t\t\t\t<\/div>\n\t\t\t\t<\/div>\n\t\t\t\t<div class=\"elementor-element elementor-element-a027d43 haru-align-center elementor-widget elementor-widget-haru-button\" data-id=\"a027d43\" data-element_type=\"widget\" data-e-type=\"widget\" data-widget_type=\"haru-button.default\">\n\t\t\t\t<div class=\"elementor-widget-container\">\n\t\t\t\t\t\n        \t<div class=\"haru-button-wrap\">\n        \t\t<a class=\"haru-button elementor-button1 haru-button--style-1 haru-button--bg-primary haru-button--size-medium haru-button--round-normal elementor-button-link1 haru-button-link\" role=\"button\" href=\"https:\/\/calendar.app.google\/ndajyqedAAgHrUEi9\" target=\"_blank\">\n        \t\t\t\t\t\t<span class=\"elementor-button-content-wrapper1 haru-button-content-wrapper\">\n\t\t\t\t\t\t\t\t<span class=\"elementor-button-text1 haru-button-text\">Zaka\u017ei video poziv<\/span>\n\t\t\t<\/span>\n\t\t\t    \t\t\t<\/a>\n    \t\t<\/div>\n\n    \t\t\t\t\t\t<\/div>\n\t\t\t\t<\/div>\n\t\t\t\t<\/div>\n\t\t<div class=\"elementor-element elementor-element-0702333 e-con-full e-flex e-con e-child\" data-id=\"0702333\" data-element_type=\"container\" data-e-type=\"container\">\n\t\t\t\t<div class=\"elementor-element elementor-element-6851332 elementor-widget elementor-widget-text-editor\" data-id=\"6851332\" data-element_type=\"widget\" data-e-type=\"widget\" data-widget_type=\"text-editor.default\">\n\t\t\t\t<div class=\"elementor-widget-container\">\n\t\t\t\t\t\t\t\t\t<p>Posetite na\u0161u online prodavnicu.<br \/>Posebni popusti i pokloni za svakog novog kupca.<\/p>\t\t\t\t\t\t\t\t<\/div>\n\t\t\t\t<\/div>\n\t\t\t\t<div class=\"elementor-element elementor-element-c3db93d haru-align-center elementor-widget elementor-widget-haru-button\" data-id=\"c3db93d\" data-element_type=\"widget\" data-e-type=\"widget\" data-widget_type=\"haru-button.default\">\n\t\t\t\t<div class=\"elementor-widget-container\">\n\t\t\t\t\t\n        \t<div class=\"haru-button-wrap\">\n        \t\t<a class=\"haru-button elementor-button1 haru-button--style-1 haru-button--bg-primary haru-button--size-medium haru-button--round-normal elementor-button-link1 haru-button-link\" role=\"button\" href=\"https:\/\/www.sovaprintfactory.com\/en\/proizvodi\/\">\n        \t\t\t\t\t\t<span class=\"elementor-button-content-wrapper1 haru-button-content-wrapper\">\n\t\t\t\t\t\t\t\t<span class=\"elementor-button-text1 haru-button-text\">Poseti prodavnicu<\/span>\n\t\t\t<\/span>\n\t\t\t    \t\t\t<\/a>\n    \t\t<\/div>\n\n    \t\t\t\t\t\t<\/div>\n\t\t\t\t<\/div>\n\t\t\t\t<\/div>\n\t\t\t\t\t<\/div>\n\t\t\t\t<\/div>\n\t\t<div class=\"elementor-element elementor-element-b9034ce e-flex e-con-boxed e-con e-parent\" data-id=\"b9034ce\" data-element_type=\"container\" data-e-type=\"container\">\n\t\t\t\t\t<div class=\"e-con-inner\">\n\t\t\t\t<div class=\"elementor-element elementor-element-7c4f9bf elementor-widget elementor-widget-spacer\" data-id=\"7c4f9bf\" data-element_type=\"widget\" data-e-type=\"widget\" data-widget_type=\"spacer.default\">\n\t\t\t\t<div class=\"elementor-widget-container\">\n\t\t\t\t\t\t\t<div class=\"elementor-spacer\">\n\t\t\t<div class=\"elementor-spacer-inner\"><\/div>\n\t\t<\/div>\n\t\t\t\t\t\t<\/div>\n\t\t\t\t<\/div>\n\t\t\t\t\t<\/div>\n\t\t\t\t<\/div>\n\t\t<div class=\"elementor-element elementor-element-e92916a e-flex e-con-boxed e-con e-parent\" data-id=\"e92916a\" data-element_type=\"container\" data-e-type=\"container\">\n\t\t\t\t\t<div class=\"e-con-inner\">\n\t\t\t\t<div class=\"elementor-element elementor-element-5b29d85 dtf-stampa elementor-widget elementor-widget-heading\" data-id=\"5b29d85\" data-element_type=\"widget\" data-e-type=\"widget\" id=\"#dtf-stampa\" data-widget_type=\"heading.default\">\n\t\t\t\t<div class=\"elementor-widget-container\">\n\t\t\t\t\t<h2 class=\"elementor-heading-title elementor-size-default\"><h2 class=\"elementor-heading-title elementor-size-default elementor-inline-editing pen\" data-elementor-setting-key=\"title\" data-pen-placeholder=\"Type Here...\" style=\"font-family: var( --e-global-typography-primary-font-family ), Sans-serif;font-weight: var( --e-global-typography-primary-font-weight );text-align: center\">DTF \u0161tampa<span style=\"color: var( --e-global-color-text );font-family: var( --e-global-typography-primary-font-family ), Sans-serif;font-weight: var( --e-global-typography-primary-font-weight )\"><\/span><\/h2><\/h2>\t\t\t\t<\/div>\n\t\t\t\t<\/div>\n\t\t\t\t<div class=\"elementor-element elementor-element-6767655 elementor-widget elementor-widget-image\" data-id=\"6767655\" data-element_type=\"widget\" data-e-type=\"widget\" data-widget_type=\"image.default\">\n\t\t\t\t<div class=\"elementor-widget-container\">\n\t\t\t\t\t\t\t\t\t\t\t\t\t\t\t<img fetchpriority=\"high\" decoding=\"async\" width=\"600\" height=\"381\" src=\"https:\/\/www.sovaprintfactory.com\/wp-content\/uploads\/2024\/10\/dtf_printing_services_baner2-600x381.png\" class=\"attachment-woocommerce_single size-woocommerce_single wp-image-19430\" alt=\"DTF Printing Services\" srcset=\"https:\/\/www.sovaprintfactory.com\/wp-content\/uploads\/2024\/10\/dtf_printing_services_baner2-600x381.png 600w, https:\/\/www.sovaprintfactory.com\/wp-content\/uploads\/2024\/10\/dtf_printing_services_baner2-300x191.png 300w, https:\/\/www.sovaprintfactory.com\/wp-content\/uploads\/2024\/10\/dtf_printing_services_baner2-768x488.png 768w, https:\/\/www.sovaprintfactory.com\/wp-content\/uploads\/2024\/10\/dtf_printing_services_baner2-18x12.png 18w, https:\/\/www.sovaprintfactory.com\/wp-content\/uploads\/2024\/10\/dtf_printing_services_baner2.png 840w\" sizes=\"(max-width: 600px) 100vw, 600px\" \/>\t\t\t\t\t\t\t\t\t\t\t\t\t\t\t<\/div>\n\t\t\t\t<\/div>\n\t\t\t\t<div class=\"elementor-element elementor-element-d5ef7bb elementor-widget elementor-widget-text-editor\" data-id=\"d5ef7bb\" data-element_type=\"widget\" data-e-type=\"widget\" data-widget_type=\"text-editor.default\">\n\t\t\t\t<div class=\"elementor-widget-container\">\n\t\t\t\t\t\t\t\t\t<p>Na\u0161i DTF \u0161tampa\u010di u kombinaciji sa najnovijim modelima \u0161ejkera omogu\u0107avaju najbolji mogu\u0107i kvalitet \u0161tampe. Boje su \u017eivopisne, rezolucija i kontrast neverovatni, a trajnost otisaka nenadma\u0161iva. Ovi rezultati mogu\u0107i su zahvaljuju\u0107i originalnim mastilima, mekom i izdr\u017eljivim prahu i veoma preciznom i strogo kontrolisanom procesu od strane na\u0161eg stru\u010dnog osoblja.<\/p>\n<p><!-- \/wp:paragraph --><!-- wp:paragraph --><\/p>\n<p><!-- \/wp:paragraph --><!-- wp:paragraph --><\/p>\n<p><strong>Evo \u0161ta nudimo u okviru na\u0161e usluge DTF \u0161tampe<\/strong>:<br \/>-\u0160tampanje na DTF filmu i dostavljanje istog u rolni<br \/>-\u0160tampanje i se\u010denje DTF filma i dostava precizno ise\u010denih pojedina\u010dnih printova<br \/>-\u0160tampanje na ode\u0107i i drugim proizvodima od tekstila, kao \u0161to su majice, duksevi, jakne, torbe, ki\u0161obrani, podloge za mi\u0161eve, radna odela i mnogi drugi.<\/p>\n<p><!-- \/wp:paragraph --><!-- wp:paragraph --><\/p>\n<h3>\u0160tampa na DTF filmu i dostavljanje istog u rolni<\/h3>\n<p>Ova usluga se sastoji od slede\u0107ih koraka:<br \/>\u2981 Prijem porud\u017ebine od kupca<br \/>\u2981 Pripremanje porud\u017ebine za proces DTF \u0161tampe<br \/>\u2981 \u0160tampa na DTF filmu<br \/>\u2981 Pa\u017eljivo pakovanje filma prethodno namotanog u rolnu, tako da bude potpuno za\u0161ti\u0107en od sun\u010devih zraka, pra\u0161ine i promena temperature<br \/>\u2981 Slanje proizvoda kupcu.<\/p>\n<p><!-- \/wp:paragraph --><!-- wp:paragraph --><\/p>\n<h3>\u0160tampa i se\u010denje DTF filma i dostava precizno ise\u010denih pojedina\u010dnih printova<\/h3>\n<p>Ova usluga se sastoji od slede\u0107ih koraka:<br \/>\u2981 Prijem porud\u017ebine od kupca<br \/>\u2981 Pripremanje porud\u017ebine za proces DTF \u0161tampe<br \/>\u2981 \u0160tampa na DTF filmu<br \/>\u2981 Precizno se\u010denje svakog printa pojedina\u010dno, a zatim njihovo pa\u017eljivo pakovanje u specijalne kesice, tako da budu potpuno za\u0161ti\u0107eni od sun\u010devih zraka, pra\u0161ine i promena temperature<br \/>\u2981 Slanje proizvoda kupcu.<\/p>\n<p>Ova dodatna usluga c\u0301e vam u\u0161tedeti vreme, pogotovo ako imate veliku porud\u017ebinu i ne \u017eelite da sami se\u010dete foliju.<\/p>\n<p><!-- \/wp:paragraph --><!-- wp:paragraph --><\/p>\n<h3>\u0160tampa na ode\u0107i i ostalim proizvodima od tekstila<\/h3>\n<p>Neki kupci nemaju termo presu. Za ovu grupu kupaca smo obezbedili kompletnu uslugu koja se sastoji od slede\u0107ih koraka:<br \/>\u2981 Prijem porud\u017ebine od potro\u0161a\u010da<br \/>\u2981 Pripremanje porud\u017ebine za proces DTF \u0161tampanja<br \/>\u2981 \u0160tampanje na DTF filmu<br \/>\u2981 Precizno se\u010denje svakog printa pojedina\u010dno<br \/>\u2981 Preno\u0161enje printova sa filma na izabrane proizvode uz pomo\u0107 termo prese. Na ovaj na\u010din dobijate gotov, od\u0161tampan proizvod (majicu, duks, jaknu, torbu, ki\u0161obran, podlogu za mi\u0161a, radno odelo, nastavite niz :)).<\/p>\n<p>Gotovo da ne postoji ograni\u010denje u izboru materijala, a samo neki od njih su pamuk, najlon, polyester, kao i njihove kombinacije, zatim ko\u017ea i mnogi drugi. Spisak razli\u010ditih tekstilnih proizvoda koje mo\u017eemo da \u0161tampamo na DTF-u je prakti\u010dno beskona\u010dan.<\/p>\t\t\t\t\t\t\t\t<\/div>\n\t\t\t\t<\/div>\n\t\t\t\t\t<\/div>\n\t\t\t\t<\/div>\n\t\t<div class=\"elementor-element elementor-element-88d4073 e-flex e-con-boxed e-con e-parent\" data-id=\"88d4073\" data-element_type=\"container\" data-e-type=\"container\">\n\t\t\t\t\t<div class=\"e-con-inner\">\n\t\t\t\t<div class=\"elementor-element elementor-element-0b3d5ce elementor-widget elementor-widget-spacer\" data-id=\"0b3d5ce\" data-element_type=\"widget\" data-e-type=\"widget\" data-widget_type=\"spacer.default\">\n\t\t\t\t<div class=\"elementor-widget-container\">\n\t\t\t\t\t\t\t<div class=\"elementor-spacer\">\n\t\t\t<div class=\"elementor-spacer-inner\"><\/div>\n\t\t<\/div>\n\t\t\t\t\t\t<\/div>\n\t\t\t\t<\/div>\n\t\t\t\t\t<\/div>\n\t\t\t\t<\/div>\n\t\t<div class=\"elementor-element elementor-element-b587fad e-flex e-con-boxed e-con e-parent\" data-id=\"b587fad\" data-element_type=\"container\" data-e-type=\"container\">\n\t\t\t\t\t<div class=\"e-con-inner\">\n\t\t\t\t<div class=\"elementor-element elementor-element-9baa295 uv-stampa elementor-widget elementor-widget-heading\" data-id=\"9baa295\" data-element_type=\"widget\" data-e-type=\"widget\" id=\"#uv-stampa\" data-widget_type=\"heading.default\">\n\t\t\t\t<div class=\"elementor-widget-container\">\n\t\t\t\t\t<h2 class=\"elementor-heading-title elementor-size-default\">UV \u0161tampa<\/h2>\t\t\t\t<\/div>\n\t\t\t\t<\/div>\n\t\t\t\t<div class=\"elementor-element elementor-element-98942b8 elementor-widget elementor-widget-image\" data-id=\"98942b8\" data-element_type=\"widget\" data-e-type=\"widget\" data-widget_type=\"image.default\">\n\t\t\t\t<div class=\"elementor-widget-container\">\n\t\t\t\t\t\t\t\t\t\t\t\t\t\t\t<img decoding=\"async\" width=\"600\" height=\"293\" src=\"https:\/\/www.sovaprintfactory.com\/wp-content\/uploads\/2024\/09\/uv-printing-banner-600x293.webp\" class=\"attachment-woocommerce_single size-woocommerce_single wp-image-17737\" alt=\"UV \u00c5\u00a1tampa\" srcset=\"https:\/\/www.sovaprintfactory.com\/wp-content\/uploads\/2024\/09\/uv-printing-banner-600x293.webp 600w, https:\/\/www.sovaprintfactory.com\/wp-content\/uploads\/2024\/09\/uv-printing-banner-300x146.webp 300w, https:\/\/www.sovaprintfactory.com\/wp-content\/uploads\/2024\/09\/uv-printing-banner-768x375.webp 768w, https:\/\/www.sovaprintfactory.com\/wp-content\/uploads\/2024\/09\/uv-printing-banner.webp 840w\" sizes=\"(max-width: 600px) 100vw, 600px\" \/>\t\t\t\t\t\t\t\t\t\t\t\t\t\t\t<\/div>\n\t\t\t\t<\/div>\n\t\t\t\t<div class=\"elementor-element elementor-element-f7e906c elementor-widget elementor-widget-text-editor\" data-id=\"f7e906c\" data-element_type=\"widget\" data-e-type=\"widget\" data-widget_type=\"text-editor.default\">\n\t\t\t\t<div class=\"elementor-widget-container\">\n\t\t\t\t\t\t\t\t\t<p>Na\u0161i UV \u0161tampa\u010di obezbe\u0111uju najvi\u0161i mogu\u0107i kvalitet \u0161tampe na izuzetno \u0161irokom spektru materijala i proizvoda. Zadivljuju\u0107e boje, duboki kontrasti, visoka rezolucija (do 2400dpi), vi\u0161e nivoa debljine nanosa boje (taktilni efekat \u0161tampe) i dugotrajni otisci nas razlikuju od konkurencije.<\/p>\n<p><!-- \/wp:paragraph --><!-- wp:paragraph --><\/p>\n<p>UV \u0161tampa se mo\u017ee podeliti u dve kategorije:<br \/>\u2981 Direktna \u0161tampa na prakti\u010dno bilo kom marerijalu \/ proizvodu<br \/>\u2981 \u0160tampa na tankom UV filmu i transfer na povr\u0161inu proizvoda<\/p>\n<p><!-- \/wp:paragraph --><!-- wp:paragraph --><\/p>\n<p>Na ovaj na\u010din mo\u017eemo da \u0161tampamo na specijalnim papirima, kartonu, drvetu, plastici, metalu, staklu, keramici, ko\u017ei itd. Asortiman razli\u010ditih proizvoda koje mo\u017eemo da \u0161tampamo je ogroman (<a href=\"https:\/\/www.sovaprintfactory.com\/en\/product-category\/kancelarija\/olovke\/\"><span style=\"text-decoration: underline;\"><strong>olovke<\/strong><\/span><\/a>, <a href=\"https:\/\/www.sovaprintfactory.com\/en\/product-category\/kuca-i-zabava\/upaljaci\/\"><span style=\"text-decoration: underline;\"><strong>upalja\u010di<\/strong><\/span><\/a>, <a href=\"https:\/\/www.sovaprintfactory.com\/en\/product-category\/kancelarija\/kancelarija-i-skola\/kancelarijski-pribor\/\"><span style=\"text-decoration: underline;\"><strong>magneti<\/strong><\/span><\/a>, dr\u017ea\u010di za olovke, <a href=\"https:\/\/www.sovaprintfactory.com\/en\/product-category\/privesci-i-alati\/privesci\/\"><span style=\"text-decoration: underline;\"><strong>privesci<\/strong><\/span><\/a>, <a href=\"https:\/\/www.sovaprintfactory.com\/en\/product-category\/kancelarija\/rokovnici-i-portfolio\/\"><span style=\"text-decoration: underline;\"><strong>rokovnici i adresari<\/strong><\/span><\/a>, <a href=\"https:\/\/www.sovaprintfactory.com\/en\/product-category\/kuca-i-zabava\/solje\/\"><span style=\"text-decoration: underline;\"><strong>\u0161olje<\/strong><\/span><\/a>, <a href=\"https:\/\/www.sovaprintfactory.com\/en\/product-category\/kuca-i-zabava\/boce\/\"><span style=\"text-decoration: underline;\"><strong>fla\u0161e<\/strong><\/span><\/a>, <a href=\"https:\/\/www.sovaprintfactory.com\/en\/product-category\/kuca-i-zabava\/kuhinjski-pribor\/otvaraci-za-flase\/\"><span style=\"text-decoration: underline;\"><strong>otvara\u010di za fla\u0161e<\/strong><\/span><\/a>, <a href=\"https:\/\/www.sovaprintfactory.com\/en\/product-category\/kancelarija\/poklon-kutije\/\"><span style=\"text-decoration: underline;\"><strong>razne vrste kutija<\/strong><\/span><\/a>, <a href=\"https:\/\/www.sovaprintfactory.com\/en\/product-category\/tehnologija\/usb\/\"><span style=\"text-decoration: underline;\"><strong>USB flash memorije<\/strong><\/span><\/a>, kao i mnogi drugi).<\/p>\n<p><!-- \/wp:paragraph --><!-- wp:paragraph --><\/p>\n<p>Kroz uslugu UV \u0161tampe, kupcu isporu\u010dujemo kompletan, od\u0161tampan proizvod.<\/p>\t\t\t\t\t\t\t\t<\/div>\n\t\t\t\t<\/div>\n\t\t\t\t\t<\/div>\n\t\t\t\t<\/div>\n\t\t<div class=\"elementor-element elementor-element-760f359 e-flex e-con-boxed e-con e-parent\" data-id=\"760f359\" data-element_type=\"container\" data-e-type=\"container\">\n\t\t\t\t\t<div class=\"e-con-inner\">\n\t\t\t\t<div class=\"elementor-element elementor-element-3afc6ff elementor-widget elementor-widget-spacer\" data-id=\"3afc6ff\" data-element_type=\"widget\" data-e-type=\"widget\" data-widget_type=\"spacer.default\">\n\t\t\t\t<div class=\"elementor-widget-container\">\n\t\t\t\t\t\t\t<div class=\"elementor-spacer\">\n\t\t\t<div class=\"elementor-spacer-inner\"><\/div>\n\t\t<\/div>\n\t\t\t\t\t\t<\/div>\n\t\t\t\t<\/div>\n\t\t\t\t\t<\/div>\n\t\t\t\t<\/div>\n\t\t\t\t<\/div>","protected":false},"excerpt":{"rendered":"<p>Kompletna \u00c5\u00a1tamparska usluga Izabrali smo dve \u00c5\u00a1tamparske tehnike, UV i DTF, zbog njihove raznovrsnosti, efikasnosti i ekonomi\u00c4\u008dnosti. One su se tako\u00c4\u2018e dokazale ozbiljnim kvalitetom \u00c5\u00a1tampe visoke rezolucije, \u00c5\u00beivopisnih boja i trajnih otisaka. U \u00c5\u00a1irokom spektru proizvoda i materijala, nije lako prona\u00c4\u2021i one koje Sova Print Factory ne mo\u00c5\u00bee da od\u00c5\u00a1tampa. A oprema\u00c2\u00a0u koju smo investirali [&hellip;]<\/p>\n","protected":false},"author":1,"featured_media":0,"parent":0,"menu_order":0,"comment_status":"closed","ping_status":"closed","template":"","meta":{"footnotes":""},"class_list":["post-17607","page","type-page","status-publish","hentry"],"jetpack_sharing_enabled":true,"_links":{"self":[{"href":"https:\/\/www.sovaprintfactory.com\/en\/wp-json\/wp\/v2\/pages\/17607","targetHints":{"allow":["GET"]}}],"collection":[{"href":"https:\/\/www.sovaprintfactory.com\/en\/wp-json\/wp\/v2\/pages"}],"about":[{"href":"https:\/\/www.sovaprintfactory.com\/en\/wp-json\/wp\/v2\/types\/page"}],"author":[{"embeddable":true,"href":"https:\/\/www.sovaprintfactory.com\/en\/wp-json\/wp\/v2\/users\/1"}],"replies":[{"embeddable":true,"href":"https:\/\/www.sovaprintfactory.com\/en\/wp-json\/wp\/v2\/comments?post=17607"}],"version-history":[{"count":211,"href":"https:\/\/www.sovaprintfactory.com\/en\/wp-json\/wp\/v2\/pages\/17607\/revisions"}],"predecessor-version":[{"id":19469,"href":"https:\/\/www.sovaprintfactory.com\/en\/wp-json\/wp\/v2\/pages\/17607\/revisions\/19469"}],"wp:attachment":[{"href":"https:\/\/www.sovaprintfactory.com\/en\/wp-json\/wp\/v2\/media?parent=17607"}],"curies":[{"name":"wp","href":"https:\/\/api.w.org\/{rel}","templated":true}]}}