{"id":18181,"date":"2024-09-26T18:24:57","date_gmt":"2024-09-26T16:24:57","guid":{"rendered":"https:\/\/www.sovaprintfactory.com\/?page_id=18181"},"modified":"2024-10-01T11:03:06","modified_gmt":"2024-10-01T09:03:06","slug":"dtf-stampaci-i-sejkeri-120cm","status":"publish","type":"page","link":"https:\/\/www.sovaprintfactory.com\/en\/dtf-stampaci-i-sejkeri-120cm\/","title":{"rendered":"DTF \u00c5\u00a1tampa\u00c4\u008di i \u00c5\u00a1ejkeri 120cm"},"content":{"rendered":"<div data-elementor-type=\"wp-page\" data-elementor-id=\"18181\" class=\"elementor elementor-18181\" data-elementor-post-type=\"page\">\n\t\t\t\t<div class=\"elementor-element elementor-element-f3726c0 e-flex e-con-boxed e-con e-parent\" data-id=\"f3726c0\" data-element_type=\"container\" data-e-type=\"container\">\n\t\t\t\t\t<div class=\"e-con-inner\">\n\t\t\t\t<div class=\"elementor-element elementor-element-b2ca5f6 elementor-widget elementor-widget-heading\" data-id=\"b2ca5f6\" data-element_type=\"widget\" data-e-type=\"widget\" data-widget_type=\"heading.default\">\n\t\t\t\t<div class=\"elementor-widget-container\">\n\t\t\t\t\t<h2 class=\"elementor-heading-title elementor-size-default\">DTF \u0161tampa\u010di i \u0161ejkeri 120cm<\/h2>\t\t\t\t<\/div>\n\t\t\t\t<\/div>\n\t\t\t\t\t<\/div>\n\t\t\t\t<\/div>\n\t\t<div class=\"elementor-element elementor-element-49e92a0 e-flex e-con-boxed e-con e-parent\" data-id=\"49e92a0\" data-element_type=\"container\" data-e-type=\"container\">\n\t\t\t\t\t<div class=\"e-con-inner\">\n\t\t\t\t<div class=\"elementor-element elementor-element-65305ea elementor-widget elementor-widget-spacer\" data-id=\"65305ea\" data-element_type=\"widget\" data-e-type=\"widget\" data-widget_type=\"spacer.default\">\n\t\t\t\t<div class=\"elementor-widget-container\">\n\t\t\t\t\t\t\t<div class=\"elementor-spacer\">\n\t\t\t<div class=\"elementor-spacer-inner\"><\/div>\n\t\t<\/div>\n\t\t\t\t\t\t<\/div>\n\t\t\t\t<\/div>\n\t\t\t\t\t<\/div>\n\t\t\t\t<\/div>\n\t\t<div class=\"elementor-element elementor-element-815ef53 e-flex e-con-boxed e-con e-parent\" data-id=\"815ef53\" data-element_type=\"container\" data-e-type=\"container\">\n\t\t\t\t\t<div class=\"e-con-inner\">\n\t\t\t\t<div class=\"elementor-element elementor-element-1ce9f51 animated-slow e-transform elementor-invisible elementor-widget elementor-widget-image\" data-id=\"1ce9f51\" data-element_type=\"widget\" data-e-type=\"widget\" data-settings=\"{&quot;_animation&quot;:&quot;slideInRight&quot;,&quot;_transform_scale_effect_hover&quot;:{&quot;unit&quot;:&quot;px&quot;,&quot;size&quot;:1.05,&quot;sizes&quot;:[]},&quot;_transform_scale_effect_hover_tablet&quot;:{&quot;unit&quot;:&quot;px&quot;,&quot;size&quot;:&quot;&quot;,&quot;sizes&quot;:[]},&quot;_transform_scale_effect_hover_mobile&quot;:{&quot;unit&quot;:&quot;px&quot;,&quot;size&quot;:&quot;&quot;,&quot;sizes&quot;:[]}}\" data-widget_type=\"image.default\">\n\t\t\t\t<div class=\"elementor-widget-container\">\n\t\t\t\t\t\t\t\t\t\t\t\t<figure class=\"wp-caption\">\n\t\t\t\t\t\t\t\t\t\t\t<a href=\"#\">\n\t\t\t\t\t\t\t<img fetchpriority=\"high\" decoding=\"async\" width=\"600\" height=\"600\" src=\"https:\/\/www.sovaprintfactory.com\/wp-content\/uploads\/2022\/06\/DTF-1200-Star-IV-1.jpg\" class=\"attachment-woocommerce_single size-woocommerce_single wp-image-18580\" alt=\"DTF-1200 Star IV Printer\" srcset=\"https:\/\/www.sovaprintfactory.com\/wp-content\/uploads\/2022\/06\/DTF-1200-Star-IV-1.jpg 600w, https:\/\/www.sovaprintfactory.com\/wp-content\/uploads\/2022\/06\/DTF-1200-Star-IV-1-300x300.jpg 300w, https:\/\/www.sovaprintfactory.com\/wp-content\/uploads\/2022\/06\/DTF-1200-Star-IV-1-150x150.jpg 150w, https:\/\/www.sovaprintfactory.com\/wp-content\/uploads\/2022\/06\/DTF-1200-Star-IV-1-12x12.jpg 12w\" sizes=\"(max-width: 600px) 100vw, 600px\" \/>\t\t\t\t\t\t\t\t<\/a>\n\t\t\t\t\t\t\t\t\t\t\t<figcaption class=\"widget-image-caption wp-caption-text\">DTF-1200 Series STAR IV Printer<\/figcaption>\n\t\t\t\t\t\t\t\t\t\t<\/figure>\n\t\t\t\t\t\t\t\t\t<\/div>\n\t\t\t\t<\/div>\n\t\t\t\t<div class=\"elementor-element elementor-element-564538f elementor-widget elementor-widget-spacer\" data-id=\"564538f\" data-element_type=\"widget\" data-e-type=\"widget\" data-widget_type=\"spacer.default\">\n\t\t\t\t<div class=\"elementor-widget-container\">\n\t\t\t\t\t\t\t<div class=\"elementor-spacer\">\n\t\t\t<div class=\"elementor-spacer-inner\"><\/div>\n\t\t<\/div>\n\t\t\t\t\t\t<\/div>\n\t\t\t\t<\/div>\n\t\t\t\t<div class=\"elementor-element elementor-element-e30a80d elementor-invisible elementor-widget elementor-widget-text-editor\" data-id=\"e30a80d\" data-element_type=\"widget\" data-e-type=\"widget\" data-settings=\"{&quot;_animation&quot;:&quot;slideInLeft&quot;}\" data-widget_type=\"text-editor.default\">\n\t\t\t\t<div class=\"elementor-widget-container\">\n\t\t\t\t\t\t\t\t\t<p>Prvi izbor za srednje i velike \u0161tamparije za brzu i stabilnu masovnu DTF produkciju.<\/p><p>Ovi \u0161tampa\u010di podr\u017eavaju vi\u0161ekolornu \u0161tampu, flourescentnu \u0161tampu, a zbog \u0161irokog formata (120cm) pru\u017eaju komparativnu prednost u odnosu na \u0161tampa\u010de manjeg formata, jer ve\u0107 poseduju sve ostale napredne karakteristike Star IV serije \u0161tampa\u010da.<\/p><p>Tehni\u010dke karakteristike:<\/p><p>Glave za \u0161tampu: 2\/3\/4 Epson I3200.<br \/>Format \u0161tampe: 47\u2033(1200mm) \u0161irina \u0161tampe.<br \/>Brzina \u0161tampe: 3.5-34m2\/h.<br \/>Tip mastila: CMYK+W \/ CMYK+Fluorescent Colors+W \/ CMYK+CMYK+W.<\/p>\t\t\t\t\t\t\t\t<\/div>\n\t\t\t\t<\/div>\n\t\t\t\t\t<\/div>\n\t\t\t\t<\/div>\n\t\t<div class=\"elementor-element elementor-element-4723f0b e-flex e-con-boxed e-con e-parent\" data-id=\"4723f0b\" data-element_type=\"container\" data-e-type=\"container\">\n\t\t\t\t\t<div class=\"e-con-inner\">\n\t\t\t\t<div class=\"elementor-element elementor-element-83b2fc1 elementor-widget elementor-widget-spacer\" data-id=\"83b2fc1\" data-element_type=\"widget\" data-e-type=\"widget\" data-widget_type=\"spacer.default\">\n\t\t\t\t<div class=\"elementor-widget-container\">\n\t\t\t\t\t\t\t<div class=\"elementor-spacer\">\n\t\t\t<div class=\"elementor-spacer-inner\"><\/div>\n\t\t<\/div>\n\t\t\t\t\t\t<\/div>\n\t\t\t\t<\/div>\n\t\t\t\t\t<\/div>\n\t\t\t\t<\/div>\n\t\t\t\t<\/div>","protected":false},"excerpt":{"rendered":"<p>DTF \u00c5\u00a1tampa\u00c4\u008di i \u00c5\u00a1ejkeri 120cm DTF-1200 Series STAR IV Printer Prvi izbor za srednje i velike \u00c5\u00a1tamparije za brzu i stabilnu masovnu DTF produkciju. Ovi \u00c5\u00a1tampa\u00c4\u008di podr\u00c5\u00beavaju vi\u00c5\u00a1ekolornu \u00c5\u00a1tampu, flourescentnu \u00c5\u00a1tampu, a zbog \u00c5\u00a1irokog formata (120cm) pru\u00c5\u00beaju komparativnu prednost u odnosu na \u00c5\u00a1tampa\u00c4\u008de manjeg formata, jer ve\u00c4\u2021 poseduju sve ostale napredne karakteristike Star IV serije [&hellip;]<\/p>\n","protected":false},"author":2,"featured_media":0,"parent":0,"menu_order":0,"comment_status":"closed","ping_status":"closed","template":"","meta":{"footnotes":""},"class_list":["post-18181","page","type-page","status-publish","hentry"],"jetpack_sharing_enabled":true,"_links":{"self":[{"href":"https:\/\/www.sovaprintfactory.com\/en\/wp-json\/wp\/v2\/pages\/18181","targetHints":{"allow":["GET"]}}],"collection":[{"href":"https:\/\/www.sovaprintfactory.com\/en\/wp-json\/wp\/v2\/pages"}],"about":[{"href":"https:\/\/www.sovaprintfactory.com\/en\/wp-json\/wp\/v2\/types\/page"}],"author":[{"embeddable":true,"href":"https:\/\/www.sovaprintfactory.com\/en\/wp-json\/wp\/v2\/users\/2"}],"replies":[{"embeddable":true,"href":"https:\/\/www.sovaprintfactory.com\/en\/wp-json\/wp\/v2\/comments?post=18181"}],"version-history":[{"count":10,"href":"https:\/\/www.sovaprintfactory.com\/en\/wp-json\/wp\/v2\/pages\/18181\/revisions"}],"predecessor-version":[{"id":18598,"href":"https:\/\/www.sovaprintfactory.com\/en\/wp-json\/wp\/v2\/pages\/18181\/revisions\/18598"}],"wp:attachment":[{"href":"https:\/\/www.sovaprintfactory.com\/en\/wp-json\/wp\/v2\/media?parent=18181"}],"curies":[{"name":"wp","href":"https:\/\/api.w.org\/{rel}","templated":true}]}}