{"id":18189,"date":"2024-09-26T18:28:34","date_gmt":"2024-09-26T16:28:34","guid":{"rendered":"https:\/\/www.sovaprintfactory.com\/?page_id=18189"},"modified":"2024-10-01T20:01:05","modified_gmt":"2024-10-01T18:01:05","slug":"uv-dtf-stampaci-roll-to-roll","status":"publish","type":"page","link":"https:\/\/www.sovaprintfactory.com\/en\/uv-dtf-stampaci-roll-to-roll\/","title":{"rendered":"UV DTF \u00c5\u00a1tampa\u00c4\u008di (roll-to-roll)"},"content":{"rendered":"<div data-elementor-type=\"wp-page\" data-elementor-id=\"18189\" class=\"elementor elementor-18189\" data-elementor-post-type=\"page\">\n\t\t\t\t<div class=\"elementor-element elementor-element-fef8843 e-flex e-con-boxed e-con e-parent\" data-id=\"fef8843\" data-element_type=\"container\" data-e-type=\"container\">\n\t\t\t\t\t<div class=\"e-con-inner\">\n\t\t\t\t<div class=\"elementor-element elementor-element-b39d2f6 elementor-widget elementor-widget-heading\" data-id=\"b39d2f6\" data-element_type=\"widget\" data-e-type=\"widget\" data-widget_type=\"heading.default\">\n\t\t\t\t<div class=\"elementor-widget-container\">\n\t\t\t\t\t<h1 class=\"elementor-heading-title elementor-size-default\">UV DTF \u0161tampa\u010di Roll-to-Roll<\/h1>\t\t\t\t<\/div>\n\t\t\t\t<\/div>\n\t\t\t\t\t<\/div>\n\t\t\t\t<\/div>\n\t\t<div class=\"elementor-element elementor-element-1cba2e9 e-flex e-con-boxed e-con e-parent\" data-id=\"1cba2e9\" data-element_type=\"container\" data-e-type=\"container\">\n\t\t\t\t\t<div class=\"e-con-inner\">\n\t\t\t\t<div class=\"elementor-element elementor-element-8129ee6 elementor-widget elementor-widget-spacer\" data-id=\"8129ee6\" data-element_type=\"widget\" data-e-type=\"widget\" data-widget_type=\"spacer.default\">\n\t\t\t\t<div class=\"elementor-widget-container\">\n\t\t\t\t\t\t\t<div class=\"elementor-spacer\">\n\t\t\t<div class=\"elementor-spacer-inner\"><\/div>\n\t\t<\/div>\n\t\t\t\t\t\t<\/div>\n\t\t\t\t<\/div>\n\t\t\t\t\t<\/div>\n\t\t\t\t<\/div>\n\t\t<div class=\"elementor-element elementor-element-1dc0525 e-flex e-con-boxed e-con e-parent\" data-id=\"1dc0525\" data-element_type=\"container\" data-e-type=\"container\">\n\t\t\t\t\t<div class=\"e-con-inner\">\n\t\t\t\t<div class=\"elementor-element elementor-element-554ddae animated-slow e-transform elementor-invisible elementor-widget elementor-widget-image\" data-id=\"554ddae\" data-element_type=\"widget\" data-e-type=\"widget\" data-settings=\"{&quot;_animation&quot;:&quot;slideInRight&quot;,&quot;_transform_scale_effect_hover&quot;:{&quot;unit&quot;:&quot;px&quot;,&quot;size&quot;:1.05,&quot;sizes&quot;:[]},&quot;_transform_scale_effect_hover_tablet&quot;:{&quot;unit&quot;:&quot;px&quot;,&quot;size&quot;:&quot;&quot;,&quot;sizes&quot;:[]},&quot;_transform_scale_effect_hover_mobile&quot;:{&quot;unit&quot;:&quot;px&quot;,&quot;size&quot;:&quot;&quot;,&quot;sizes&quot;:[]}}\" data-widget_type=\"image.default\">\n\t\t\t\t<div class=\"elementor-widget-container\">\n\t\t\t\t\t\t\t\t\t\t\t\t<figure class=\"wp-caption\">\n\t\t\t\t\t\t\t\t\t\t\t<a href=\"#\">\n\t\t\t\t\t\t\t<img fetchpriority=\"high\" decoding=\"async\" width=\"600\" height=\"600\" src=\"https:\/\/www.sovaprintfactory.com\/wp-content\/uploads\/2024\/10\/UV-60R-Star-IV-UV-DTF-Printer-1.jpg\" class=\"attachment-woocommerce_single size-woocommerce_single wp-image-18761\" alt=\"UV-60R Star IV UV-DTF Printer\" srcset=\"https:\/\/www.sovaprintfactory.com\/wp-content\/uploads\/2024\/10\/UV-60R-Star-IV-UV-DTF-Printer-1.jpg 600w, https:\/\/www.sovaprintfactory.com\/wp-content\/uploads\/2024\/10\/UV-60R-Star-IV-UV-DTF-Printer-1-300x300.jpg 300w, https:\/\/www.sovaprintfactory.com\/wp-content\/uploads\/2024\/10\/UV-60R-Star-IV-UV-DTF-Printer-1-150x150.jpg 150w, https:\/\/www.sovaprintfactory.com\/wp-content\/uploads\/2024\/10\/UV-60R-Star-IV-UV-DTF-Printer-1-12x12.jpg 12w\" sizes=\"(max-width: 600px) 100vw, 600px\" \/>\t\t\t\t\t\t\t\t<\/a>\n\t\t\t\t\t\t\t\t\t\t\t<figcaption class=\"widget-image-caption wp-caption-text\">UV-60R Star IV UV-DTF Printer<\/figcaption>\n\t\t\t\t\t\t\t\t\t\t<\/figure>\n\t\t\t\t\t\t\t\t\t<\/div>\n\t\t\t\t<\/div>\n\t\t\t\t<div class=\"elementor-element elementor-element-952021b elementor-invisible elementor-widget elementor-widget-text-editor\" data-id=\"952021b\" data-element_type=\"widget\" data-e-type=\"widget\" data-settings=\"{&quot;_animation&quot;:&quot;slideInLeft&quot;}\" data-widget_type=\"text-editor.default\">\n\t\t\t\t<div class=\"elementor-widget-container\">\n\t\t\t\t\t\t\t\t\t<p>Ve\u0107i i \u0161iri roll-to-roll \u0161tampa\u010d za visoku efikasnost. \u0160tampa na foliji uz odli\u010dne sposobnosti transfera na objekte nepravilnog oblika. UV lampe o\u010dvr\u0161\u0107uju \u0161tampu za otporne i dugotrajne otiske.<br \/>Preslikavanje \u0161tampe na prakti\u010dno sve mogu\u0107e oblike.<\/p><p>Tehni\u010dke karakteristike:<br \/>Glave za \u0161tampu: Epson I3200-U1.<br \/>Format \u0161tampe: 600mm \u0161irina \u0161tampe.<br \/>Maksimalna brzina \u0161tampe: 12m2\/h.<br \/>Tip mastila: ECO-UV Curing Ink.<\/p>\t\t\t\t\t\t\t\t<\/div>\n\t\t\t\t<\/div>\n\t\t\t\t\t<\/div>\n\t\t\t\t<\/div>\n\t\t<div class=\"elementor-element elementor-element-7f3f037 e-flex e-con-boxed e-con e-parent\" data-id=\"7f3f037\" data-element_type=\"container\" data-e-type=\"container\">\n\t\t\t\t\t<div class=\"e-con-inner\">\n\t\t\t\t<div class=\"elementor-element elementor-element-6301576 elementor-widget elementor-widget-spacer\" data-id=\"6301576\" data-element_type=\"widget\" data-e-type=\"widget\" data-widget_type=\"spacer.default\">\n\t\t\t\t<div class=\"elementor-widget-container\">\n\t\t\t\t\t\t\t<div class=\"elementor-spacer\">\n\t\t\t<div class=\"elementor-spacer-inner\"><\/div>\n\t\t<\/div>\n\t\t\t\t\t\t<\/div>\n\t\t\t\t<\/div>\n\t\t\t\t\t<\/div>\n\t\t\t\t<\/div>\n\t\t<div class=\"elementor-element elementor-element-01849d4 e-flex e-con-boxed e-con e-parent\" data-id=\"01849d4\" data-element_type=\"container\" data-e-type=\"container\">\n\t\t\t\t\t<div class=\"e-con-inner\">\n\t\t<div class=\"elementor-element elementor-element-0ef3673 e-con-full e-flex e-con e-child\" data-id=\"0ef3673\" data-element_type=\"container\" data-e-type=\"container\">\n\t\t\t\t<div class=\"elementor-element elementor-element-004dafa e-transform elementor-invisible elementor-widget elementor-widget-image\" data-id=\"004dafa\" data-element_type=\"widget\" data-e-type=\"widget\" data-settings=\"{&quot;_animation&quot;:&quot;slideInRight&quot;,&quot;_transform_scale_effect_hover&quot;:{&quot;unit&quot;:&quot;px&quot;,&quot;size&quot;:1.05,&quot;sizes&quot;:[]},&quot;_transform_scale_effect_hover_tablet&quot;:{&quot;unit&quot;:&quot;px&quot;,&quot;size&quot;:&quot;&quot;,&quot;sizes&quot;:[]},&quot;_transform_scale_effect_hover_mobile&quot;:{&quot;unit&quot;:&quot;px&quot;,&quot;size&quot;:&quot;&quot;,&quot;sizes&quot;:[]}}\" data-widget_type=\"image.default\">\n\t\t\t\t<div class=\"elementor-widget-container\">\n\t\t\t\t\t\t\t\t\t\t\t\t<figure class=\"wp-caption\">\n\t\t\t\t\t\t\t\t\t\t\t<a href=\"#\">\n\t\t\t\t\t\t\t<img decoding=\"async\" width=\"600\" height=\"600\" src=\"https:\/\/www.sovaprintfactory.com\/wp-content\/uploads\/2024\/10\/UV-30R-Star-V-Roll-to-Roll-UV-DTF-Printer-1.jpg\" class=\"attachment-woocommerce_single size-woocommerce_single wp-image-18780\" alt=\"UV-30R Star IV Roll-to-Roll UV-DTF Printer\" srcset=\"https:\/\/www.sovaprintfactory.com\/wp-content\/uploads\/2024\/10\/UV-30R-Star-V-Roll-to-Roll-UV-DTF-Printer-1.jpg 600w, https:\/\/www.sovaprintfactory.com\/wp-content\/uploads\/2024\/10\/UV-30R-Star-V-Roll-to-Roll-UV-DTF-Printer-1-300x300.jpg 300w, https:\/\/www.sovaprintfactory.com\/wp-content\/uploads\/2024\/10\/UV-30R-Star-V-Roll-to-Roll-UV-DTF-Printer-1-150x150.jpg 150w, https:\/\/www.sovaprintfactory.com\/wp-content\/uploads\/2024\/10\/UV-30R-Star-V-Roll-to-Roll-UV-DTF-Printer-1-12x12.jpg 12w\" sizes=\"(max-width: 600px) 100vw, 600px\" \/>\t\t\t\t\t\t\t\t<\/a>\n\t\t\t\t\t\t\t\t\t\t\t<figcaption class=\"widget-image-caption wp-caption-text\">UV-30R Star V Roll to Roll UV-DTF Printer<\/figcaption>\n\t\t\t\t\t\t\t\t\t\t<\/figure>\n\t\t\t\t\t\t\t\t\t<\/div>\n\t\t\t\t<\/div>\n\t\t\t\t<div class=\"elementor-element elementor-element-c1d6b79 elementor-invisible elementor-widget elementor-widget-text-editor\" data-id=\"c1d6b79\" data-element_type=\"widget\" data-e-type=\"widget\" data-settings=\"{&quot;_animation&quot;:&quot;slideInLeft&quot;}\" data-widget_type=\"text-editor.default\">\n\t\t\t\t<div class=\"elementor-widget-container\">\n\t\t\t\t\t\t\t\t\t<p>UV-30R STAR V Roll-to-Roll UV-DTF \u0161tampa\u010d obezbe\u0111uje korisnicima slobodu u dizajnu raznih oblika \u0161tampe za najrazli\u010ditije aplikacije. UV lampe o\u010dvr\u0161\u0107uju \u0161tampu za otporne i dugotrajne otiske.<br \/>U isto vreme, kompaktan dizajn \u010dini ovaj \u0161tampa\u010d primenljivim za ku\u0107nu i upotrebu u malim \u0161tamparijama.<\/p><p>Tehni\u010dke karakteristike:<\/p><p>Glave za \u0161tampu: Epson 3*i1600 U1 \/ 1*i3200 HD.<br \/>Format \u0161tampe: 300mm \u0161irina \u0161tampe.<br \/>Maksimalna brzina \u0161tampe: 1.6-1.7m2\/h.<br \/>Tip mastila: ECO-UV Curing Ink.<\/p>\t\t\t\t\t\t\t\t<\/div>\n\t\t\t\t<\/div>\n\t\t\t\t<\/div>\n\t\t\t\t\t<\/div>\n\t\t\t\t<\/div>\n\t\t<div class=\"elementor-element elementor-element-d0b5ea3 e-flex e-con-boxed e-con e-parent\" data-id=\"d0b5ea3\" data-element_type=\"container\" data-e-type=\"container\">\n\t\t\t\t\t<div class=\"e-con-inner\">\n\t\t\t\t<div class=\"elementor-element elementor-element-a4eb658 elementor-widget elementor-widget-spacer\" data-id=\"a4eb658\" data-element_type=\"widget\" data-e-type=\"widget\" data-widget_type=\"spacer.default\">\n\t\t\t\t<div class=\"elementor-widget-container\">\n\t\t\t\t\t\t\t<div class=\"elementor-spacer\">\n\t\t\t<div class=\"elementor-spacer-inner\"><\/div>\n\t\t<\/div>\n\t\t\t\t\t\t<\/div>\n\t\t\t\t<\/div>\n\t\t\t\t\t<\/div>\n\t\t\t\t<\/div>\n\t\t<div class=\"elementor-element elementor-element-2674266 e-flex e-con-boxed e-con e-parent\" data-id=\"2674266\" data-element_type=\"container\" data-e-type=\"container\">\n\t\t\t\t\t<div class=\"e-con-inner\">\n\t\t<div class=\"elementor-element elementor-element-39fb6bc e-con-full e-flex e-con e-child\" data-id=\"39fb6bc\" data-element_type=\"container\" data-e-type=\"container\">\n\t\t\t\t<div class=\"elementor-element elementor-element-3b21b5f animated-slow e-transform elementor-invisible elementor-widget elementor-widget-image\" data-id=\"3b21b5f\" data-element_type=\"widget\" data-e-type=\"widget\" data-settings=\"{&quot;_animation&quot;:&quot;slideInRight&quot;,&quot;_transform_scale_effect_hover&quot;:{&quot;unit&quot;:&quot;px&quot;,&quot;size&quot;:1.05,&quot;sizes&quot;:[]},&quot;_transform_scale_effect_hover_tablet&quot;:{&quot;unit&quot;:&quot;px&quot;,&quot;size&quot;:&quot;&quot;,&quot;sizes&quot;:[]},&quot;_transform_scale_effect_hover_mobile&quot;:{&quot;unit&quot;:&quot;px&quot;,&quot;size&quot;:&quot;&quot;,&quot;sizes&quot;:[]}}\" data-widget_type=\"image.default\">\n\t\t\t\t<div class=\"elementor-widget-container\">\n\t\t\t\t\t\t\t\t\t\t\t\t<figure class=\"wp-caption\">\n\t\t\t\t\t\t\t\t\t\t\t<a href=\"#\">\n\t\t\t\t\t\t\t<img decoding=\"async\" width=\"600\" height=\"600\" src=\"https:\/\/www.sovaprintfactory.com\/wp-content\/uploads\/2024\/10\/UV-30R-Star-VI-Desktop-Roll-to-Roll-UV-DTF-Printer-1.jpg\" class=\"attachment-woocommerce_single size-woocommerce_single wp-image-18799\" alt=\"UV-30R Star VI Desktop Roll-to-Roll Printer\" srcset=\"https:\/\/www.sovaprintfactory.com\/wp-content\/uploads\/2024\/10\/UV-30R-Star-VI-Desktop-Roll-to-Roll-UV-DTF-Printer-1.jpg 600w, https:\/\/www.sovaprintfactory.com\/wp-content\/uploads\/2024\/10\/UV-30R-Star-VI-Desktop-Roll-to-Roll-UV-DTF-Printer-1-300x300.jpg 300w, https:\/\/www.sovaprintfactory.com\/wp-content\/uploads\/2024\/10\/UV-30R-Star-VI-Desktop-Roll-to-Roll-UV-DTF-Printer-1-150x150.jpg 150w, https:\/\/www.sovaprintfactory.com\/wp-content\/uploads\/2024\/10\/UV-30R-Star-VI-Desktop-Roll-to-Roll-UV-DTF-Printer-1-12x12.jpg 12w\" sizes=\"(max-width: 600px) 100vw, 600px\" \/>\t\t\t\t\t\t\t\t<\/a>\n\t\t\t\t\t\t\t\t\t\t\t<figcaption class=\"widget-image-caption wp-caption-text\">UV-30R Star VI Desktop Roll-to-Roll UV-DTF Printer<\/figcaption>\n\t\t\t\t\t\t\t\t\t\t<\/figure>\n\t\t\t\t\t\t\t\t\t<\/div>\n\t\t\t\t<\/div>\n\t\t\t\t<div class=\"elementor-element elementor-element-e52923c elementor-invisible elementor-widget elementor-widget-text-editor\" data-id=\"e52923c\" data-element_type=\"widget\" data-e-type=\"widget\" data-settings=\"{&quot;_animation&quot;:&quot;slideInLeft&quot;}\" data-widget_type=\"text-editor.default\">\n\t\t\t\t<div class=\"elementor-widget-container\">\n\t\t\t\t\t\t\t\t\t<p>UV-30R STAR VI Roll-to-Roll UV-DTF \u0161tampa\u010d obezbe\u0111uje korisnicima slobodu u dizajnu raznih oblika \u0161tampe za najrazli\u010ditije aplikacije. UV lampe o\u010dvr\u0161\u0107uju \u0161tampu za otporne i dugotrajne otiske.<br \/>Kompaktna konstrukcija omogu\u0107uje postavljanje ovog \u0161tampa\u010da na sto, \u0161to jeidealno za ku\u0107nu i upotrebu u malim \u0161tamparijama.<\/p><p>Tehni\u010dke karakteristike:<\/p><p>Glave za \u0161tampu: Epson I3200-U1HD.<br \/>Format \u0161tampe: 300mm \u0161irina \u0161tampe.<br \/>Maksimalna brzina \u0161tampe: 1.6-1.7m2\/h.<br \/>Tip mastila: ECO-UV Curing Ink.<\/p>\t\t\t\t\t\t\t\t<\/div>\n\t\t\t\t<\/div>\n\t\t\t\t<\/div>\n\t\t\t\t\t<\/div>\n\t\t\t\t<\/div>\n\t\t<div class=\"elementor-element elementor-element-d88fc40 e-flex e-con-boxed e-con e-parent\" data-id=\"d88fc40\" data-element_type=\"container\" data-e-type=\"container\">\n\t\t\t\t\t<div class=\"e-con-inner\">\n\t\t\t\t<div class=\"elementor-element elementor-element-d7dee37 elementor-widget elementor-widget-spacer\" data-id=\"d7dee37\" data-element_type=\"widget\" data-e-type=\"widget\" data-widget_type=\"spacer.default\">\n\t\t\t\t<div class=\"elementor-widget-container\">\n\t\t\t\t\t\t\t<div class=\"elementor-spacer\">\n\t\t\t<div class=\"elementor-spacer-inner\"><\/div>\n\t\t<\/div>\n\t\t\t\t\t\t<\/div>\n\t\t\t\t<\/div>\n\t\t\t\t\t<\/div>\n\t\t\t\t<\/div>\n\t\t\t\t<\/div>","protected":false},"excerpt":{"rendered":"<p>UV DTF \u00c5\u00a1tampa\u00c4\u008di Roll-to-Roll UV-60R Star IV UV-DTF Printer Ve\u00c4\u2021i i \u00c5\u00a1iri roll-to-roll \u00c5\u00a1tampa\u00c4\u008d za visoku efikasnost. \u00c5\u00a0tampa na foliji uz odli\u00c4\u008dne sposobnosti transfera na objekte nepravilnog oblika. UV lampe o\u00c4\u008dvr\u00c5\u00a1\u00c4\u2021uju \u00c5\u00a1tampu za otporne i dugotrajne otiske.Preslikavanje \u00c5\u00a1tampe na prakti\u00c4\u008dno sve mogu\u00c4\u2021e oblike. Tehni\u00c4\u008dke karakteristike:Glave za \u00c5\u00a1tampu: Epson I3200-U1.Format \u00c5\u00a1tampe: 600mm \u00c5\u00a1irina \u00c5\u00a1tampe.Maksimalna brzina \u00c5\u00a1tampe: [&hellip;]<\/p>\n","protected":false},"author":2,"featured_media":0,"parent":0,"menu_order":0,"comment_status":"closed","ping_status":"closed","template":"","meta":{"footnotes":""},"class_list":["post-18189","page","type-page","status-publish","hentry"],"jetpack_sharing_enabled":true,"_links":{"self":[{"href":"https:\/\/www.sovaprintfactory.com\/en\/wp-json\/wp\/v2\/pages\/18189","targetHints":{"allow":["GET"]}}],"collection":[{"href":"https:\/\/www.sovaprintfactory.com\/en\/wp-json\/wp\/v2\/pages"}],"about":[{"href":"https:\/\/www.sovaprintfactory.com\/en\/wp-json\/wp\/v2\/types\/page"}],"author":[{"embeddable":true,"href":"https:\/\/www.sovaprintfactory.com\/en\/wp-json\/wp\/v2\/users\/2"}],"replies":[{"embeddable":true,"href":"https:\/\/www.sovaprintfactory.com\/en\/wp-json\/wp\/v2\/comments?post=18189"}],"version-history":[{"count":7,"href":"https:\/\/www.sovaprintfactory.com\/en\/wp-json\/wp\/v2\/pages\/18189\/revisions"}],"predecessor-version":[{"id":18821,"href":"https:\/\/www.sovaprintfactory.com\/en\/wp-json\/wp\/v2\/pages\/18189\/revisions\/18821"}],"wp:attachment":[{"href":"https:\/\/www.sovaprintfactory.com\/en\/wp-json\/wp\/v2\/media?parent=18189"}],"curies":[{"name":"wp","href":"https:\/\/api.w.org\/{rel}","templated":true}]}}